{"id":125,"date":"2023-08-15T07:44:17","date_gmt":"2023-08-15T07:44:17","guid":{"rendered":"https:\/\/www.ylikiiminginkoirametsa.fi\/?page_id=125"},"modified":"2024-07-09T21:42:00","modified_gmt":"2024-07-09T21:42:00","slug":"hinnasto","status":"publish","type":"page","link":"https:\/\/www.ylikiiminginkoirametsa.fi\/?page_id=125","title":{"rendered":"hinnasto"},"content":{"rendered":"<!-- wp:themify-builder\/canvas \/-->","protected":false},"excerpt":{"rendered":"","protected":false},"author":1,"featured_media":0,"parent":0,"menu_order":0,"comment_status":"closed","ping_status":"closed","template":"","meta":{"_monsterinsights_skip_tracking":false,"_monsterinsights_sitenote_active":false,"_monsterinsights_sitenote_note":"","_monsterinsights_sitenote_category":0,"footnotes":""},"builder_content":"<img src=\"http:\/\/www.ylikiiminginkoirametsa.fi\/wp-content\/uploads\/2023\/08\/9129CCB5-16EA-4823-B74E-3AB884802122.png\" width=\"600\" height=\"1080\" title=\"hinnasto\" alt=\"hinnasto\">\n<a href=\"https:\/\/slotti.fi\/booking\/ylikiiminginkoirametsaoy\/#\/\" > VARAA VUORO T\u00c4ST\u00c4 <\/a>\n<p>Vuorot varataan ja maksetaan ennen Koiramets\u00e4ss\u00e4 vierailua. Voit tehd\u00e4 varauksen helposti <a href=\"https:\/\/slotti.fi\/booking\/ylikiiminginkoirametsaoy\/#\/\">ajanvarauspalvelussa<\/a>. Voit varata vuoron my\u00f6s soittamalla tai whatsapilla numerosta 045 7838 2476, tai l\u00e4hett\u00e4m\u00e4ll\u00e4 s\u00e4hk\u00f6postia jenna@ylikiiminginkoirametsa.fi. Maksutapana k\u00e4y verkkopankkimaksu, korttimaksu tai mobilepay. Puhelimitse tai s\u00e4hk\u00f6postilla varatuista vuoroista l\u00e4hetet\u00e4\u00e4n lasku varaajan s\u00e4hk\u00f6postiin.\u00a0<\/p> <p>Vuoro valitaan osallistuvien koirien m\u00e4\u00e4r\u00e4n mukaan. Huom! Saman talouden kaikki koirat voi tuoda 1-4 koiran varaukselle, vaikka koiria olisikin useampi.\u00a0<\/p> <p>Varauksen voi perua tai siirt\u00e4\u00e4 viimeist\u00e4\u00e4n 24 tuntia ennen varausta. Sen j\u00e4lkeen vuoroja ei voi perua tai siirt\u00e4\u00e4, mutta vuoron voi luovuttaa toiselle henkil\u00f6lle.<\/p> <p>Sarjakortilla saat varaukset viel\u00e4 edullisemmin! Sarjakortti ostetaan ajanvarauspalvelusta. Saat oston j\u00e4lkeen s\u00e4hk\u00f6postiisi koodin, joka toimii maksutapana vuoroja varatessa. Sarjakortit ovat voimassa kuusi kuukautta ostop\u00e4iv\u00e4st\u00e4.\u00a0<\/p>\n<h2>Lahjakortit<\/h2> <p>Anna yst\u00e4v\u00e4lle, sukulaiselle tai koirakaverille lahjaksi varmasti mieluisa el\u00e4mys!<\/p> <p>Osta lahjakortti <a href=\"https:\/\/gifti.fi\/shop\/ylikiiminginkoirametsaoy\/\">T\u00c4\u00c4LT\u00c4!<\/a> Voit valita toimitustavaksi s\u00e4hk\u00f6postin tai postituksen. S\u00e4hk\u00f6postilla lahjakortit toimitetaan heti. Lahjan saaja voi lunastaa lahjan ajanvarauspalvelussa tai soittamalla meille.\u00a0<\/p> <p>Lahjan lunastaminen<br>1. Valitse ajanvarauksesta lahjaksi saamasi palvelu<br>2. Valitse kalenterista sinulle sopiva ajankohta<br>3. T\u00e4yt\u00e4 omat tiedot<br>4. Valitse maksutavaksi Gifti lahjakortti ja sy\u00f6t\u00e4 lahjakorttisi koodi<br>5. Varaus on valmis ja saat s\u00e4hk\u00f6postiisi varausvahvistuksen<\/p>\n<a href=\"https:\/\/gifti.fi\/shop\/ylikiiminginkoirametsaoy\/\" > OSTA LAHJAKORTTI <\/a>\n<img src=\"https:\/\/www.ylikiiminginkoirametsa.fi\/wp-content\/uploads\/2023\/10\/IMG_4992-scaled.jpg\" title=\"IMG_4992\" alt=\"IMG_4992\" srcset=\"https:\/\/www.ylikiiminginkoirametsa.fi\/wp-content\/uploads\/2023\/10\/IMG_4992-scaled.jpg 1920w, https:\/\/www.ylikiiminginkoirametsa.fi\/wp-content\/uploads\/2023\/10\/IMG_4992-225x300.jpg 225w, https:\/\/www.ylikiiminginkoirametsa.fi\/wp-content\/uploads\/2023\/10\/IMG_4992-768x1024.jpg 768w, https:\/\/www.ylikiiminginkoirametsa.fi\/wp-content\/uploads\/2023\/10\/IMG_4992-1152x1536.jpg 1152w, https:\/\/www.ylikiiminginkoirametsa.fi\/wp-content\/uploads\/2023\/10\/IMG_4992-1536x2048.jpg 1536w\" sizes=\"(max-width: 1920px) 100vw, 1920px\" \/>\n\n<a href=\"https:\/\/slotti.fi\/booking\/ylikiiminginkoirametsaoy\/#\/\" > <em><svg aria-hidden=\"true\"><use href=\"#tf-ti-arrow-right\"><\/use><\/svg><\/em> VARAA VUORO T\u00c4ST\u00c4 <\/a>","_links":{"self":[{"href":"https:\/\/www.ylikiiminginkoirametsa.fi\/index.php?rest_route=\/wp\/v2\/pages\/125"}],"collection":[{"href":"https:\/\/www.ylikiiminginkoirametsa.fi\/index.php?rest_route=\/wp\/v2\/pages"}],"about":[{"href":"https:\/\/www.ylikiiminginkoirametsa.fi\/index.php?rest_route=\/wp\/v2\/types\/page"}],"author":[{"embeddable":true,"href":"https:\/\/www.ylikiiminginkoirametsa.fi\/index.php?rest_route=\/wp\/v2\/users\/1"}],"replies":[{"embeddable":true,"href":"https:\/\/www.ylikiiminginkoirametsa.fi\/index.php?rest_route=%2Fwp%2Fv2%2Fcomments&post=125"}],"version-history":[{"count":38,"href":"https:\/\/www.ylikiiminginkoirametsa.fi\/index.php?rest_route=\/wp\/v2\/pages\/125\/revisions"}],"predecessor-version":[{"id":437,"href":"https:\/\/www.ylikiiminginkoirametsa.fi\/index.php?rest_route=\/wp\/v2\/pages\/125\/revisions\/437"}],"wp:attachment":[{"href":"https:\/\/www.ylikiiminginkoirametsa.fi\/index.php?rest_route=%2Fwp%2Fv2%2Fmedia&parent=125"}],"curies":[{"name":"wp","href":"https:\/\/api.w.org\/{rel}","templated":true}]}}