{"id":128,"date":"2023-08-15T07:44:51","date_gmt":"2023-08-15T07:44:51","guid":{"rendered":"https:\/\/www.ylikiiminginkoirametsa.fi\/?page_id=128"},"modified":"2024-07-09T22:13:15","modified_gmt":"2024-07-09T22:13:15","slug":"ohjeet","status":"publish","type":"page","link":"https:\/\/www.ylikiiminginkoirametsa.fi\/?page_id=128","title":{"rendered":"ohjeet"},"content":{"rendered":"<!-- wp:themify-builder\/canvas \/-->","protected":false},"excerpt":{"rendered":"","protected":false},"author":1,"featured_media":0,"parent":0,"menu_order":0,"comment_status":"closed","ping_status":"closed","template":"","meta":{"_monsterinsights_skip_tracking":false,"_monsterinsights_sitenote_active":false,"_monsterinsights_sitenote_note":"","_monsterinsights_sitenote_category":0,"footnotes":""},"builder_content":"<h3>VUORON VARAAMINEN<\/h3> <p>Jokaisen Ylikiimingin Koiramets\u00e4ss\u00e4 vierailijan tulee tutustua ohjeisiin. Vuoroa varatessa vahvistat lukeneesi ohjeet ja hyv\u00e4ksyt peruutusehdot. Koiramets\u00e4n varaus maksetaan ennen vierailua.<\/p> <p>Varatut vuorot voi perua tai siirt\u00e4\u00e4 24 tuntia ennen vuoroa. My\u00f6hemmin varausta ei voi perua, mutta voit luovuttaa vuoron toiselle henkil\u00f6lle.<\/p> <p>Jokainen vierailee Ylikiimingin Koiramets\u00e4ss\u00e4 omalla vastuulla. Koiramets\u00e4ss\u00e4 ja sen parkkipaikalla koirat ovat aina omistajan vastuulla.<\/p>\n<img src=\"https:\/\/www.ylikiiminginkoirametsa.fi\/wp-content\/uploads\/2024\/07\/IMG_3327-768x1024-450x600.jpg\" width=\"450\" height=\"600\" title=\"IMG_3327\" alt=\"IMG_3327\" srcset=\"https:\/\/www.ylikiiminginkoirametsa.fi\/wp-content\/uploads\/2024\/07\/IMG_3327-768x1024-450x600.jpg 450w, https:\/\/www.ylikiiminginkoirametsa.fi\/wp-content\/uploads\/2024\/07\/IMG_3327-225x300.jpg 225w, https:\/\/www.ylikiiminginkoirametsa.fi\/wp-content\/uploads\/2024\/07\/IMG_3327-768x1024.jpg 768w, https:\/\/www.ylikiiminginkoirametsa.fi\/wp-content\/uploads\/2024\/07\/IMG_3327-1152x1536.jpg 1152w, https:\/\/www.ylikiiminginkoirametsa.fi\/wp-content\/uploads\/2024\/07\/IMG_3327-1536x2048.jpg 1536w, https:\/\/www.ylikiiminginkoirametsa.fi\/wp-content\/uploads\/2024\/07\/IMG_3327-scaled.jpg 1920w\" sizes=\"(max-width: 450px) 100vw, 450px\" \/>\n<h3>SAAPUMINEN<\/h3> <p>Ylikiimingin Koiramets\u00e4n k\u00e4vij\u00f6ille on parkkipaikka Koiramets\u00e4n vieress\u00e4, noin 50 metri\u00e4 ennen porttia. Parkkipaikka on merkitty selke\u00e4sti kylteill\u00e4. Autojen pys\u00e4k\u00f6inti tien varressa on kielletty\u00e4. Koirat on pidett\u00e4v\u00e4 kytkettyin\u00e4 Koiramets\u00e4n aitauksen ulkopuolella.<\/p> <p>Koiramets\u00e4n alueelle saa menn\u00e4 vain varatulla vuorolla. Alueella on kameravalvonta.<\/p> <p>Sujuvuuden ja ongelmatilanteiden v\u00e4ltt\u00e4miseksi saavu varaamallesi ajalle max 5 minuuttia ennen vuoron alkua. Koiramets\u00e4st\u00e4 tulee poistua muutamaa minuuttia ennen varauksen p\u00e4\u00e4ttymist\u00e4.<\/p> <p>Ylikiimingin Koiramets\u00e4\u00e4 ei ole lukittu, mutta varaamasi vuoron aikana saat portin lukittua Koiramets\u00e4n sis\u00e4puolelta. Jos portti on sis\u00e4puolelta lukittu, on Koiramets\u00e4ss\u00e4 viel\u00e4 edellinen k\u00e4vij\u00e4. T\u00e4ss\u00e4 tapauksessa odota portin ulkopuolella.<\/p> <p>Ylikiimingin Koiramets\u00e4\u00e4n kuljetaan eteisen kautta. Eteinen on tehty helpottamaan koirien kiinni kytkemist\u00e4 ja vapauttamista.\u00a0<\/p>\n<img src=\"https:\/\/www.ylikiiminginkoirametsa.fi\/wp-content\/uploads\/2024\/07\/IMG_3450-768x1024-450x600.jpg\" width=\"450\" height=\"600\" title=\"IMG_3450\" alt=\"IMG_3450\" srcset=\"https:\/\/www.ylikiiminginkoirametsa.fi\/wp-content\/uploads\/2024\/07\/IMG_3450-768x1024-450x600.jpg 450w, https:\/\/www.ylikiiminginkoirametsa.fi\/wp-content\/uploads\/2024\/07\/IMG_3450-225x300.jpg 225w, https:\/\/www.ylikiiminginkoirametsa.fi\/wp-content\/uploads\/2024\/07\/IMG_3450-768x1024.jpg 768w, https:\/\/www.ylikiiminginkoirametsa.fi\/wp-content\/uploads\/2024\/07\/IMG_3450-1152x1536.jpg 1152w, https:\/\/www.ylikiiminginkoirametsa.fi\/wp-content\/uploads\/2024\/07\/IMG_3450-1536x2048.jpg 1536w, https:\/\/www.ylikiiminginkoirametsa.fi\/wp-content\/uploads\/2024\/07\/IMG_3450-768x1024-318x425.jpg 318w, https:\/\/www.ylikiiminginkoirametsa.fi\/wp-content\/uploads\/2024\/07\/IMG_3450-scaled.jpg 1920w\" sizes=\"(max-width: 450px) 100vw, 450px\" \/>\n<h3>KOIRAT<\/h3> <p>Ylikiimingin Koiramets\u00e4ss\u00e4 ja sen parkkipaikalla koirat ovat aina omistajan vastuulla. Koiria ei saa j\u00e4tt\u00e4\u00e4 alueelle ilman valvontaa.<\/p> <p>\u00c4l\u00e4 tuo Koiramets\u00e4\u00e4n juoksuaikaista narttua tai tarttuvaa tautia sairastavaa koiraa. Koirien tulee my\u00f6s olla Kennelliiton s\u00e4\u00e4nt\u00f6jen mukaisesti rokotettuja.<\/p> <p>Kaksi metri\u00e4 korkea aita on kiinnitetty tukevasti ja se kest\u00e4\u00e4 jos koira hypp\u00e4\u00e4 aitaa vasten. Aita on maassa kiinni, mutta se ei ulotu maan alle. Aita on kiinnitetty tukevasti maahan ruuveilla kiinnitetyill\u00e4 puilla. Pid\u00e4 kuitenkin silm\u00e4ll\u00e4 koiraasi, jos se on innokas kaivaja ja yritt\u00e4\u00e4 kaivaa tien vapauteen aidan alitse.<\/p> <p>Laavulta l\u00f6ytyy vesikuppeja, puhdasta vett\u00e4, leluja ja herkkuja koirille.\u00a0<\/p>\n<img src=\"https:\/\/www.ylikiiminginkoirametsa.fi\/wp-content\/uploads\/2024\/07\/IMG_3409-768x1024-450x600.jpg\" width=\"450\" height=\"600\" title=\"IMG_3409\" alt=\"IMG_3409\" srcset=\"https:\/\/www.ylikiiminginkoirametsa.fi\/wp-content\/uploads\/2024\/07\/IMG_3409-768x1024-450x600.jpg 450w, https:\/\/www.ylikiiminginkoirametsa.fi\/wp-content\/uploads\/2024\/07\/IMG_3409-225x300.jpg 225w, https:\/\/www.ylikiiminginkoirametsa.fi\/wp-content\/uploads\/2024\/07\/IMG_3409-768x1024.jpg 768w, https:\/\/www.ylikiiminginkoirametsa.fi\/wp-content\/uploads\/2024\/07\/IMG_3409-1152x1536.jpg 1152w, https:\/\/www.ylikiiminginkoirametsa.fi\/wp-content\/uploads\/2024\/07\/IMG_3409-1536x2048.jpg 1536w, https:\/\/www.ylikiiminginkoirametsa.fi\/wp-content\/uploads\/2024\/07\/IMG_3409-scaled.jpg 1920w\" sizes=\"(max-width: 450px) 100vw, 450px\" \/>\n<h3>IHMISET<\/h3> <p>Varustaudu Koiramets\u00e4ss\u00e4 vierailuun s\u00e4\u00e4nmukaisesti. Sadekelill\u00e4 suosittelemme pakkaamaan mukaan kumpparit, sill\u00e4 maasto on paikoitellen kosteaa.<\/p> <p>Pime\u00e4ll\u00e4 suosittelemme k\u00e4ytt\u00e4m\u00e4\u00e4n otsalamppua. Portilla ja laavulla on liiketunnistimella toimivat valot, mutta muualla mets\u00e4ss\u00e4 ei ole valaistusta. Suosittelemme vierailemaan Koiramets\u00e4ss\u00e4 ensimm\u00e4isen kerran valoisalla, jotta alue tulee tutuksi.<\/p> <p>Ker\u00e4\u00e4 omat roskasi pois, jotta kaikilla olisi mukavaa vierailla puhtaassa mets\u00e4ss\u00e4. Alueella on kolme isoa roska-astiaa, yksi parkkipaikalla, toinen portilla ja kolmas nuotiopaikalla. Nuotiopaikan l\u00e4hettyvill\u00e4 on sekaj\u00e4tteen lis\u00e4ksi erillinen roskis koirankakkoja varten. Bioj\u00e4teastioita l\u00f6ytyy polkujen varsilta. Koiran kakkojen ker\u00e4\u00e4mist\u00e4 varten laavulla ja roskisten yhteydess\u00e4 on koirankakkapusseja ja lapioita.<\/p>\n<img src=\"https:\/\/www.ylikiiminginkoirametsa.fi\/wp-content\/uploads\/2023\/10\/IMG_4051-740x1024-450x622.jpg\" width=\"450\" height=\"622\" title=\"IMG_4051\" alt=\"IMG_4051\" srcset=\"https:\/\/www.ylikiiminginkoirametsa.fi\/wp-content\/uploads\/2023\/10\/IMG_4051-740x1024-450x622.jpg 450w, https:\/\/www.ylikiiminginkoirametsa.fi\/wp-content\/uploads\/2023\/10\/IMG_4051-217x300.jpg 217w, https:\/\/www.ylikiiminginkoirametsa.fi\/wp-content\/uploads\/2023\/10\/IMG_4051-740x1024.jpg 740w, https:\/\/www.ylikiiminginkoirametsa.fi\/wp-content\/uploads\/2023\/10\/IMG_4051-768x1062.jpg 768w, https:\/\/www.ylikiiminginkoirametsa.fi\/wp-content\/uploads\/2023\/10\/IMG_4051-1110x1536.jpg 1110w, https:\/\/www.ylikiiminginkoirametsa.fi\/wp-content\/uploads\/2023\/10\/IMG_4051-1481x2048.jpg 1481w, https:\/\/www.ylikiiminginkoirametsa.fi\/wp-content\/uploads\/2023\/10\/IMG_4051-740x1024-500x691.jpg 500w, https:\/\/www.ylikiiminginkoirametsa.fi\/wp-content\/uploads\/2023\/10\/IMG_4051-740x1024-307x425.jpg 307w, https:\/\/www.ylikiiminginkoirametsa.fi\/wp-content\/uploads\/2023\/10\/IMG_4051-scaled.jpg 1851w\" sizes=\"(max-width: 450px) 100vw, 450px\" \/>","_links":{"self":[{"href":"https:\/\/www.ylikiiminginkoirametsa.fi\/index.php?rest_route=\/wp\/v2\/pages\/128"}],"collection":[{"href":"https:\/\/www.ylikiiminginkoirametsa.fi\/index.php?rest_route=\/wp\/v2\/pages"}],"about":[{"href":"https:\/\/www.ylikiiminginkoirametsa.fi\/index.php?rest_route=\/wp\/v2\/types\/page"}],"author":[{"embeddable":true,"href":"https:\/\/www.ylikiiminginkoirametsa.fi\/index.php?rest_route=\/wp\/v2\/users\/1"}],"replies":[{"embeddable":true,"href":"https:\/\/www.ylikiiminginkoirametsa.fi\/index.php?rest_route=%2Fwp%2Fv2%2Fcomments&post=128"}],"version-history":[{"count":14,"href":"https:\/\/www.ylikiiminginkoirametsa.fi\/index.php?rest_route=\/wp\/v2\/pages\/128\/revisions"}],"predecessor-version":[{"id":450,"href":"https:\/\/www.ylikiiminginkoirametsa.fi\/index.php?rest_route=\/wp\/v2\/pages\/128\/revisions\/450"}],"wp:attachment":[{"href":"https:\/\/www.ylikiiminginkoirametsa.fi\/index.php?rest_route=%2Fwp%2Fv2%2Fmedia&parent=128"}],"curies":[{"name":"wp","href":"https:\/\/api.w.org\/{rel}","templated":true}]}}