{"id":130,"date":"2023-08-15T07:45:15","date_gmt":"2023-08-15T07:45:15","guid":{"rendered":"https:\/\/www.ylikiiminginkoirametsa.fi\/?page_id=130"},"modified":"2024-07-09T22:14:12","modified_gmt":"2024-07-09T22:14:12","slug":"yhteystiedot","status":"publish","type":"page","link":"https:\/\/www.ylikiiminginkoirametsa.fi\/?page_id=130","title":{"rendered":"yhteystiedot"},"content":{"rendered":"<!-- wp:themify-builder\/canvas \/-->","protected":false},"excerpt":{"rendered":"","protected":false},"author":1,"featured_media":0,"parent":0,"menu_order":0,"comment_status":"closed","ping_status":"closed","template":"","meta":{"_monsterinsights_skip_tracking":false,"_monsterinsights_sitenote_active":false,"_monsterinsights_sitenote_note":"","_monsterinsights_sitenote_category":0,"footnotes":""},"builder_content":"<p style=\"text-align: center;\"><strong>Ylikiimingin Koiramets\u00e4<br><\/strong>045 7838 2476<br>Vanharanta 29<br>91300 Ylikiiminki<\/p> <p style=\"text-align: center;\"><br>Kaikki kysymykset, varaukset ja hintapyynn\u00f6t voi l\u00e4hett\u00e4\u00e4 s\u00e4hk\u00f6postilla osoitteeseen jenna@ylikiiminginkoirametsa.fi\u00a0<br>tai soitto\/whatsapp numeroon<br>045 7838 2476.<\/p>\n<a href=\"https:\/\/www.instagram.com\/ylikiiminginkoirametsa\/\" > <em><svg aria-hidden=\"true\"><use href=\"#tf-ti-instagram\"><\/use><\/svg><\/em> Ylikiimingin Koiramets\u00e4 Instagramissa <\/a>\n<p>\u00a0\u00a0<\/p>\n<a href=\"https:\/\/www.facebook.com\/profile.php?id=100095170032342\" > <em><svg aria-hidden=\"true\"><use href=\"#tf-ti-facebook\"><\/use><\/svg><\/em> Ylikiimingin Koiramets\u00e4 Facebookissa <\/a>\n<img src=\"http:\/\/www.ylikiiminginkoirametsa.fi\/wp-content\/uploads\/2023\/08\/331C5285-442E-47D3-BA1B-F6333EFDF99B.png\" width=\"400\" height=\"1080\" title=\"yhteystiedot\" alt=\"yhteystiedot\">\n[instagram-feed feed=1]","_links":{"self":[{"href":"https:\/\/www.ylikiiminginkoirametsa.fi\/index.php?rest_route=\/wp\/v2\/pages\/130"}],"collection":[{"href":"https:\/\/www.ylikiiminginkoirametsa.fi\/index.php?rest_route=\/wp\/v2\/pages"}],"about":[{"href":"https:\/\/www.ylikiiminginkoirametsa.fi\/index.php?rest_route=\/wp\/v2\/types\/page"}],"author":[{"embeddable":true,"href":"https:\/\/www.ylikiiminginkoirametsa.fi\/index.php?rest_route=\/wp\/v2\/users\/1"}],"replies":[{"embeddable":true,"href":"https:\/\/www.ylikiiminginkoirametsa.fi\/index.php?rest_route=%2Fwp%2Fv2%2Fcomments&post=130"}],"version-history":[{"count":23,"href":"https:\/\/www.ylikiiminginkoirametsa.fi\/index.php?rest_route=\/wp\/v2\/pages\/130\/revisions"}],"predecessor-version":[{"id":452,"href":"https:\/\/www.ylikiiminginkoirametsa.fi\/index.php?rest_route=\/wp\/v2\/pages\/130\/revisions\/452"}],"wp:attachment":[{"href":"https:\/\/www.ylikiiminginkoirametsa.fi\/index.php?rest_route=%2Fwp%2Fv2%2Fmedia&parent=130"}],"curies":[{"name":"wp","href":"https:\/\/api.w.org\/{rel}","templated":true}]}}