{"id":150,"date":"2023-08-18T17:24:23","date_gmt":"2023-08-18T17:24:23","guid":{"rendered":"https:\/\/www.ylikiiminginkoirametsa.fi\/?page_id=150"},"modified":"2024-07-09T22:15:33","modified_gmt":"2024-07-09T22:15:33","slug":"etusivu","status":"publish","type":"page","link":"https:\/\/www.ylikiiminginkoirametsa.fi\/","title":{"rendered":"Etusivu"},"content":{"rendered":"<!-- wp:themify-builder\/canvas \/-->","protected":false},"excerpt":{"rendered":"","protected":false},"author":1,"featured_media":0,"parent":0,"menu_order":0,"comment_status":"closed","ping_status":"closed","template":"","meta":{"_monsterinsights_skip_tracking":false,"_monsterinsights_sitenote_active":false,"_monsterinsights_sitenote_note":"","_monsterinsights_sitenote_category":0,"footnotes":""},"builder_content":"<h1>YLIKIIMINGIN KOIRAMETS\u00c4<\/h1>\n<h2>Reilu kolme hehtaaria tilaa temmelt\u00e4\u00e4!<\/h2> <p>Koiramets\u00e4ss\u00e4 voit ulkoiluttaa koiriasi turvallisesti ymp\u00e4ri vuoden. Reilun kolmen hehtaarin alue on aidattu tukevasti kaksi metri\u00e4 korkealla verkkoaidalla.\u00a0<\/p> <p>Voit varata Koiramets\u00e4n yksin tai porukalla. Varaamallasi vuorolla Koiramets\u00e4 on oman porukkasi k\u00e4yt\u00f6ss\u00e4, eli vuoron aikana alueelle ei tule muita koiria tai ihmisi\u00e4.\u00a0<\/p> <p>Koirilla on kolme hehtaaria tilaa juosta ja temmelt\u00e4\u00e4. Koiramets\u00e4n alueella on paljon polkuja, jotka pidet\u00e4\u00e4n avoinna ymp\u00e4ri vuoden. Koirille alueella on my\u00f6s esterata. Ihmisille alueella on nuotiopaikka polttopuineen, laavu, kompostoiva kuivak\u00e4ym\u00e4l\u00e4 ja keinut.\u00a0<\/p>\n<img src=\"https:\/\/www.ylikiiminginkoirametsa.fi\/wp-content\/uploads\/2024\/07\/IMG_3450-scaled.jpg\" title=\"IMG_3450\" alt=\"IMG_3450\" srcset=\"https:\/\/www.ylikiiminginkoirametsa.fi\/wp-content\/uploads\/2024\/07\/IMG_3450-scaled.jpg 1920w, https:\/\/www.ylikiiminginkoirametsa.fi\/wp-content\/uploads\/2024\/07\/IMG_3450-225x300.jpg 225w, https:\/\/www.ylikiiminginkoirametsa.fi\/wp-content\/uploads\/2024\/07\/IMG_3450-768x1024.jpg 768w, https:\/\/www.ylikiiminginkoirametsa.fi\/wp-content\/uploads\/2024\/07\/IMG_3450-1152x1536.jpg 1152w, https:\/\/www.ylikiiminginkoirametsa.fi\/wp-content\/uploads\/2024\/07\/IMG_3450-1536x2048.jpg 1536w, https:\/\/www.ylikiiminginkoirametsa.fi\/wp-content\/uploads\/2024\/07\/IMG_3450-768x1024-318x425.jpg 318w, https:\/\/www.ylikiiminginkoirametsa.fi\/wp-content\/uploads\/2024\/07\/IMG_3450-768x1024-450x600.jpg 450w\" sizes=\"(max-width: 1920px) 100vw, 1920px\" \/>\n<img src=\"https:\/\/www.ylikiiminginkoirametsa.fi\/wp-content\/uploads\/2024\/07\/IMG_3300-scaled.jpg\" title=\"IMG_3300\" alt=\"IMG_3300\" srcset=\"https:\/\/www.ylikiiminginkoirametsa.fi\/wp-content\/uploads\/2024\/07\/IMG_3300-scaled.jpg 1920w, https:\/\/www.ylikiiminginkoirametsa.fi\/wp-content\/uploads\/2024\/07\/IMG_3300-225x300.jpg 225w, https:\/\/www.ylikiiminginkoirametsa.fi\/wp-content\/uploads\/2024\/07\/IMG_3300-768x1024.jpg 768w, https:\/\/www.ylikiiminginkoirametsa.fi\/wp-content\/uploads\/2024\/07\/IMG_3300-1152x1536.jpg 1152w, https:\/\/www.ylikiiminginkoirametsa.fi\/wp-content\/uploads\/2024\/07\/IMG_3300-1536x2048.jpg 1536w\" sizes=\"(max-width: 1920px) 100vw, 1920px\" \/>\n<h2>Reilu puoli tuntia Oulun keskustasta!<\/h2> <p>Ylikiimingin Koiramets\u00e4 sijaitsee Oulun Ylikiimingiss\u00e4, osoitteessa Vanharanta 29. Oulun keskustasta Koiramets\u00e4lle ajaa reilussa puolessa tunnissa ja Ylikiimingin keskustasta noin viidess\u00e4 minuutissa. Ylikiimingin Koiramets\u00e4lle tulee eritt\u00e4in hyv\u00e4 tie. Asfalttitie tulee l\u00e4hes perille asti ja viimeiset 200 metri\u00e4 on juuri kunnostettua soratiet\u00e4.\u00a0<\/p> <p>Voit varata Ylikiimingin Koiramets\u00e4n tunniksi, kahdeksi tunniksi tai kolmeksi tunniksi. Kes\u00e4aikana Koiramets\u00e4n voi my\u00f6s varata y\u00f6ksi. Varaa ja maksa vuoro helposti ajanvarauspalvelussa! Voit my\u00f6s tehd\u00e4 varauksen numerosta 045 7838 2476 (soitto tai whatsapp) tai s\u00e4hk\u00f6postitse jenna@ylikiiminginkoirametsa.fi.<\/p>\n<a href=\"https:\/\/slotti.fi\/booking\/ylikiiminginkoirametsaoy\/\" > VARAA VUORO <\/a>\n<a href=\"https:\/\/gifti.fi\/shop\/ylikiiminginkoirametsaoy\/\" > OSTA LAHJAKORTTI <\/a>\n\n[instagram-feed feed=1]","_links":{"self":[{"href":"https:\/\/www.ylikiiminginkoirametsa.fi\/index.php?rest_route=\/wp\/v2\/pages\/150"}],"collection":[{"href":"https:\/\/www.ylikiiminginkoirametsa.fi\/index.php?rest_route=\/wp\/v2\/pages"}],"about":[{"href":"https:\/\/www.ylikiiminginkoirametsa.fi\/index.php?rest_route=\/wp\/v2\/types\/page"}],"author":[{"embeddable":true,"href":"https:\/\/www.ylikiiminginkoirametsa.fi\/index.php?rest_route=\/wp\/v2\/users\/1"}],"replies":[{"embeddable":true,"href":"https:\/\/www.ylikiiminginkoirametsa.fi\/index.php?rest_route=%2Fwp%2Fv2%2Fcomments&post=150"}],"version-history":[{"count":62,"href":"https:\/\/www.ylikiiminginkoirametsa.fi\/index.php?rest_route=\/wp\/v2\/pages\/150\/revisions"}],"predecessor-version":[{"id":454,"href":"https:\/\/www.ylikiiminginkoirametsa.fi\/index.php?rest_route=\/wp\/v2\/pages\/150\/revisions\/454"}],"wp:attachment":[{"href":"https:\/\/www.ylikiiminginkoirametsa.fi\/index.php?rest_route=%2Fwp%2Fv2%2Fmedia&parent=150"}],"curies":[{"name":"wp","href":"https:\/\/api.w.org\/{rel}","templated":true}]}}